{"id":166,"date":"2020-09-24T20:32:31","date_gmt":"2020-09-24T20:32:31","guid":{"rendered":"https:\/\/quarty-demo.bslthemes.com-demo\/?page_id=166"},"modified":"2020-09-24T20:32:31","modified_gmt":"2020-09-24T20:32:31","slug":"blog","status":"publish","type":"page","link":"https:\/\/www.arayyapimimarlik.com\/?page_id=166","title":{"rendered":"Blog"},"content":{"rendered":"\t\t<div data-elementor-type=\"wp-page\" data-elementor-id=\"166\" class=\"elementor elementor-166\">\n\t\t\t\t\t\t<section class=\"elementor-section elementor-top-section elementor-element elementor-element-66cb952 elementor-section-full_width elementor-section-height-default elementor-section-height-default\" data-id=\"66cb952\" data-element_type=\"section\" data-e-type=\"section\">\n\t\t\t\t\t\t<div class=\"elementor-container elementor-column-gap-no\">\n\t\t\t\t\t<div class=\"elementor-column elementor-col-100 elementor-top-column elementor-element elementor-element-edca18a\" data-id=\"edca18a\" data-element_type=\"column\" data-e-type=\"column\">\n\t\t\t<div class=\"elementor-widget-wrap elementor-element-populated\">\n\t\t\t\t\t\t<div class=\"elementor-element elementor-element-681945f elementor-widget elementor-widget-quarty-blog-grid\" data-id=\"681945f\" data-element_type=\"widget\" data-e-type=\"widget\" data-widget_type=\"quarty-blog-grid.default\">\n\t\t\t\t<div class=\"elementor-widget-container\">\n\t\t\t\t\t\n\t\t<div class=\"qrt-section qrt-section-sf\">\n\t\t\t<div class=\"row\">\n\t\t\t  \t\t\t  <div class=\"col-lg-12\">\n\t\t\t    <h3 class=\"qrt-mb-40 qrt-title-h\">\n\t\t\t    \t<span >\n\t\t          \t\tBlog\t\t        \t<\/span>\n\t\t\t    <\/h3>\n\t\t\t  <\/div>\n\t\t\t  \n\t\t\t  \t\t  \t  \t\t\t  <div class=\"col-lg-6\">\n\t\t\t  \t\n\n\n<div id=\"post-4894\" class=\"qrt-post-frame post-4894 post type-post status-publish format-standard has-post-thumbnail hentry category-uncategorized\">\n  <a href=\"https:\/\/www.arayyapimimarlik.com\/?p=4894\" class=\"qrt-post-thumb qrt-cursor-scale qrt-anima-link\">\n        <img decoding=\"async\" src=\"https:\/\/www.arayyapimimarlik.com\/wp-content\/uploads\/2026\/03\/gor1-950x534.jpg\" alt=\"D\u00f6rtyol Adalet Binas\u0131 ve Lojman Binas\u0131\">\n            <div class=\"qrt-post-date\">\n            <span>\n        <i class=\"far fa-folder\"><\/i>\n      \t<span class=\"qrt-el-category\">Uncategorized<\/span>      <\/span>\n            <span><i class=\"far fa-clock\"><\/i> Mart 15, 2026<\/span>\n    <\/div>\n      <\/a>\n  <div class=\"qrt-post-descr\">\n    <div>\n      <h4 class=\"qrt-cursor-color qrt-post-title\"><a href=\"https:\/\/www.arayyapimimarlik.com\/?p=4894\" class=\"qrt-anima-link\">D\u00f6rtyol Adalet Binas\u0131 ve Lojman Binas\u0131<\/a><\/h4>\n            <div class=\"qrt-port-short-text\"><p>D\u00f6rtyol Adalet Binas\u0131 ve Lojman Binas\u0131 Proje Yeri:&nbsp;Hatay, D\u00f6rtyol Proje T\u00fcr\u00fc:&nbsp;Adalet Ve Lojman Binas\u0131 \u0130\u015fveren: Adalet Bakanl\u0131\u011f\u0131 Proje Y\u0131l\u0131: 2026&#8230; <span class=\"qrt-el-more\"><a href=\"https:\/\/www.arayyapimimarlik.com\/?p=4894\" class=\"qrt-link qrt-color-link qrt-cursor-scale qrt-w-chevron\">Read more<\/a><\/span><\/p>\n<\/div>\n          <\/div>\n  <\/div>\n<\/div>\t\t\t  <\/div>\n\t\t\t  \t\t\t  <div class=\"col-lg-6\">\n\t\t\t  \t\n\n\n<div id=\"post-4893\" class=\"qrt-post-frame post-4893 post type-post status-publish format-standard hentry category-uncategorized\">\n  <a href=\"https:\/\/www.arayyapimimarlik.com\/?p=4893\" class=\"qrt-post-thumb qrt-post-thumb-empty qrt-cursor-scale qrt-anima-link\">\n            <div class=\"qrt-post-date\">\n            <span>\n        <i class=\"far fa-folder\"><\/i>\n      \t<span class=\"qrt-el-category\">Uncategorized<\/span>      <\/span>\n            <span><i class=\"far fa-clock\"><\/i> Mart 14, 2026<\/span>\n    <\/div>\n      <\/a>\n  <div class=\"qrt-post-descr\">\n    <div>\n      <h4 class=\"qrt-cursor-color qrt-post-title\"><a href=\"https:\/\/www.arayyapimimarlik.com\/?p=4893\" class=\"qrt-anima-link\">HBB Antakya \u0130skenderun ve K\u0131r\u0131khan \u0130tfaiye Binalar\u0131<\/a><\/h4>\n            <div class=\"qrt-port-short-text\"><p>HBB Antakya \u0130skenderun ve K\u0131r\u0131khan \u0130tfaiye Binalar\u0131 Proje Yeri:\u00a0Hatay, Antakya, K\u0131r\u0131khan, \u0130skenderun Proje T\u00fcr\u00fc:\u00a0\u0130tfaye Binas\u0131 \u0130\u015fveren: GEDA\u015e Proje Y\u0131l\u0131: 2025&#8230; <span class=\"qrt-el-more\"><a href=\"https:\/\/www.arayyapimimarlik.com\/?p=4893\" class=\"qrt-link qrt-color-link qrt-cursor-scale qrt-w-chevron\">Read more<\/a><\/span><\/p>\n<\/div>\n          <\/div>\n  <\/div>\n<\/div>\t\t\t  <\/div>\n\t\t\t  \t\t\t  <div class=\"col-lg-6\">\n\t\t\t  \t\n\n\n<div id=\"post-4892\" class=\"qrt-post-frame post-4892 post type-post status-publish format-standard hentry category-uncategorized\">\n  <a href=\"https:\/\/www.arayyapimimarlik.com\/?p=4892\" class=\"qrt-post-thumb qrt-post-thumb-empty qrt-cursor-scale qrt-anima-link\">\n            <div class=\"qrt-post-date\">\n            <span>\n        <i class=\"far fa-folder\"><\/i>\n      \t<span class=\"qrt-el-category\">Uncategorized<\/span>      <\/span>\n            <span><i class=\"far fa-clock\"><\/i> Mart 13, 2026<\/span>\n    <\/div>\n      <\/a>\n  <div class=\"qrt-post-descr\">\n    <div>\n      <h4 class=\"qrt-cursor-color qrt-post-title\"><a href=\"https:\/\/www.arayyapimimarlik.com\/?p=4892\" class=\"qrt-anima-link\">Erzin Adalet Binas\u0131 ve Lojman Binas\u0131<\/a><\/h4>\n            <div class=\"qrt-port-short-text\"><p>Erzin Adalet Binas\u0131 ve Lojman Binas\u0131 Proje Yeri:\u00a0Hatay, Erzin Proje T\u00fcr\u00fc:&nbsp;Adalet Ve Lojman Binas\u0131 \u0130\u015fveren: Adalet Bakanl\u0131\u011f\u0131 Proje Y\u0131l\u0131: 2025&#8230; <span class=\"qrt-el-more\"><a href=\"https:\/\/www.arayyapimimarlik.com\/?p=4892\" class=\"qrt-link qrt-color-link qrt-cursor-scale qrt-w-chevron\">Read more<\/a><\/span><\/p>\n<\/div>\n          <\/div>\n  <\/div>\n<\/div>\t\t\t  <\/div>\n\t\t\t  \t\t\t  <div class=\"col-lg-6\">\n\t\t\t  \t\n\n\n<div id=\"post-4885\" class=\"qrt-post-frame post-4885 post type-post status-publish format-standard hentry category-uncategorized\">\n  <a href=\"https:\/\/www.arayyapimimarlik.com\/?p=4885\" class=\"qrt-post-thumb qrt-post-thumb-empty qrt-cursor-scale qrt-anima-link\">\n            <div class=\"qrt-post-date\">\n            <span>\n        <i class=\"far fa-folder\"><\/i>\n      \t<span class=\"qrt-el-category\">Uncategorized<\/span>      <\/span>\n            <span><i class=\"far fa-clock\"><\/i> Mart 12, 2026<\/span>\n    <\/div>\n      <\/a>\n  <div class=\"qrt-post-descr\">\n    <div>\n      <h4 class=\"qrt-cursor-color qrt-post-title\"><a href=\"https:\/\/www.arayyapimimarlik.com\/?p=4885\" class=\"qrt-anima-link\">D\u00fczi\u00e7i Adalet Binas\u0131 ve Lojman Binas\u0131<\/a><\/h4>\n            <div class=\"qrt-port-short-text\"><p>D\u00fczi\u00e7i Adalet Binas\u0131 ve Lojman Binas\u0131 Proje Yeri:\u00a0Osmaniye, D\u00fczi\u00e7i Proje T\u00fcr\u00fc:&nbsp;Adalet Ve Lojman Binas\u0131 \u0130\u015fveren: Adalet Bakanl\u0131\u011f\u0131 Proje Y\u0131l\u0131: 2025&#8230; <span class=\"qrt-el-more\"><a href=\"https:\/\/www.arayyapimimarlik.com\/?p=4885\" class=\"qrt-link qrt-color-link qrt-cursor-scale qrt-w-chevron\">Read more<\/a><\/span><\/p>\n<\/div>\n          <\/div>\n  <\/div>\n<\/div>\t\t\t  <\/div>\n\t\t\t  \t\t\t  \n\n\t\t\t\t\t\t<div class=\"col-lg-12\">\n\t\t\t\t\t            <div class=\"pagination qrt-blog-pagination\">\n\t                <span aria-label=\"Sayfa 1\" aria-current=\"page\" class=\"page-numbers current\">1<\/span>\n<a aria-label=\"Sayfa 2\" class=\"page-numbers\" href=\"https:\/\/www.arayyapimimarlik.com\/index.php?rest_route=%2Fwp%2Fv2%2Fpages%2F166&#038;paged=2\">2<\/a>\n<a aria-label=\"Sayfa 3\" class=\"page-numbers\" href=\"https:\/\/www.arayyapimimarlik.com\/index.php?rest_route=%2Fwp%2Fv2%2Fpages%2F166&#038;paged=3\">3<\/a>\n<span class=\"page-numbers dots\">&hellip;<\/span>\n<a aria-label=\"Sayfa 8\" class=\"page-numbers\" href=\"https:\/\/www.arayyapimimarlik.com\/index.php?rest_route=%2Fwp%2Fv2%2Fpages%2F166&#038;paged=8\">8<\/a>\n<a class=\"next page-numbers\" href=\"https:\/\/www.arayyapimimarlik.com\/index.php?rest_route=%2Fwp%2Fv2%2Fpages%2F166&#038;paged=2\">Next<\/a>\t            <\/div>\n          \t\t\n\t\t    \t\t\t\t<\/div>\n          \t\n          \t<\/div>\n\t\t<\/div>\n\n\n\t\t\t\t\t\t<\/div>\n\t\t\t\t<\/div>\n\t\t\t\t\t<\/div>\n\t\t<\/div>\n\t\t\t\t\t<\/div>\n\t\t<\/section>\n\t\t\t\t<\/div>\n\t\t","protected":false},"excerpt":{"rendered":"<p>Blog Design, Events, Technology September 24, 2020 Follow your own design process. My job is simple and sophisticated, so it&#8230; <span class=\"qrt-el-more\"><a href=\"https:\/\/www.arayyapimimarlik.com\/?p=4885\" class=\"qrt-link qrt-color-link qrt-cursor-scale qrt-w-chevron\">Read more<\/a><\/span><\/p>\n","protected":false},"author":1,"featured_media":0,"parent":0,"menu_order":0,"comment_status":"closed","ping_status":"closed","template":"template-layout-builder.php","meta":{"_acf_changed":false,"_eb_attr":"","_monsterinsights_skip_tracking":false,"_monsterinsights_sitenote_active":false,"_monsterinsights_sitenote_note":"","_monsterinsights_sitenote_category":0,"footnotes":""},"class_list":["post-166","page","type-page","status-publish","hentry"],"acf":[],"aioseo_notices":[],"_links":{"self":[{"href":"https:\/\/www.arayyapimimarlik.com\/index.php?rest_route=\/wp\/v2\/pages\/166","targetHints":{"allow":["GET"]}}],"collection":[{"href":"https:\/\/www.arayyapimimarlik.com\/index.php?rest_route=\/wp\/v2\/pages"}],"about":[{"href":"https:\/\/www.arayyapimimarlik.com\/index.php?rest_route=\/wp\/v2\/types\/page"}],"author":[{"embeddable":true,"href":"https:\/\/www.arayyapimimarlik.com\/index.php?rest_route=\/wp\/v2\/users\/1"}],"replies":[{"embeddable":true,"href":"https:\/\/www.arayyapimimarlik.com\/index.php?rest_route=%2Fwp%2Fv2%2Fcomments&post=166"}],"version-history":[{"count":0,"href":"https:\/\/www.arayyapimimarlik.com\/index.php?rest_route=\/wp\/v2\/pages\/166\/revisions"}],"wp:attachment":[{"href":"https:\/\/www.arayyapimimarlik.com\/index.php?rest_route=%2Fwp%2Fv2%2Fmedia&parent=166"}],"curies":[{"name":"wp","href":"https:\/\/api.w.org\/{rel}","templated":true}]}}