{"id":1953,"date":"2021-08-10T22:28:51","date_gmt":"2021-08-10T22:28:51","guid":{"rendered":"https:\/\/quarty-demo.bslthemes.com\/?page_id=1953"},"modified":"2025-12-22T10:26:12","modified_gmt":"2025-12-22T10:26:12","slug":"about-us","status":"publish","type":"page","link":"https:\/\/www.arayyapimimarlik.com\/?page_id=1953","title":{"rendered":"About Us"},"content":{"rendered":"\t\t<div data-elementor-type=\"wp-page\" data-elementor-id=\"1953\" class=\"elementor elementor-1953\">\n\t\t\t\t<div class=\"elementor-element elementor-element-0d87250 e-con-full e-flex e-con e-parent\" data-id=\"0d87250\" data-element_type=\"container\" data-e-type=\"container\">\n\t\t\t\t<div class=\"elementor-element elementor-element-ec55367 elementor-widget elementor-widget-xpro-auto-content\" data-id=\"ec55367\" data-element_type=\"widget\" data-e-type=\"widget\" data-widget_type=\"xpro-auto-content.default\">\n\t\t\t\t\t<div class=\"xpro-text-editor-wrapper\">\n\t<h2 class=\"soft-h2\">V\u0130ZYON<\/h2><p>Aray Yap\u0131 Mimarl\u0131k 2012 y\u0131l\u0131nda ARZU \u00c7AKICI BEBEK ve KAMER BEBEK taraf\u0131ndan kurulmu\u015ftur. B\u00fcnyesinde mimar, m\u00fchendis ve dan\u0131\u015fmanlardan olu\u015fan \u00e7ok y\u00f6nl\u00fc bir kadroyu bar\u0131nd\u0131rmaktad\u0131r. Mimarl\u0131k alan\u0131nda i\u015flevsel tasar\u0131mlar ve uygun maliyetli \u00e7\u00f6z\u00fcmler \u00fcreten firmam\u0131z, kullan\u0131c\u0131lara yepyeni bir tasar\u0131m s\u00fcreci ya\u015fat\u0131yor. M\u00fc\u015fteri memnuniyetinden ve \u00f6zenli bir ekip \u00e7al\u0131\u015fmas\u0131ndan \u00f6d\u00fcn vermeyerek yoluna devam ediyor.<\/p><h2 class=\"soft-h2\">M\u0130SYON<\/h2><p>Misyonumuz, d\u00fcr\u00fcst, g\u00fcvenilir, geli\u015fen teknolojiye uyumlu, standartlar\u0131ndan taviz vermeyen y\u00f6netim ve hizmet anlay\u0131\u015f\u0131yla bir marka olarak sekt\u00f6rdeki hedeflerimizi s\u00fcrekli y\u00fckseltmektir.<\/p><\/div>\n\t\t\t\t<\/div>\n\t\t\t\t<\/div>\n\t\t<div class=\"elementor-element elementor-element-4bd0faa e-con-full cam-bolum e-flex e-con e-parent\" data-id=\"4bd0faa\" data-element_type=\"container\" data-e-type=\"container\">\n\t\t<div class=\"elementor-element elementor-element-caabac8 e-con-full e-flex e-con e-child\" data-id=\"caabac8\" data-element_type=\"container\" data-e-type=\"container\">\n\t\t\t\t<div class=\"elementor-element elementor-element-7698e7b elementor-widget elementor-widget-text-editor\" data-id=\"7698e7b\" data-element_type=\"widget\" data-e-type=\"widget\" data-widget_type=\"text-editor.default\">\n\t\t\t\t\t\t\t\t\t<h2 style=\"font-weight: 500; margin: 0;\">ARZU \u00c7AKICI BEBEK<\/h2><p style=\"color: #444444; font-size: 16px; line-height: 1.6; margin: 0;\">1984 y\u0131l\u0131nda HATAY&#8217;da do\u011fdu, Yak\u0131n Do\u011fu \u00dcniversitesi Mimarl\u0131k Fak\u00fcltesi&#8217;nde ba\u015flad\u0131\u011f\u0131 mimarl\u0131k e\u011fitimini tamamlad\u0131. Sa\u011fl\u0131k, \u00dcniversite Kamp\u00fcs, Showroom ve Konut Yap\u0131lar\u0131 tasar\u0131m ofislerinde g\u00f6rev ald\u0131ktan sonra 2008 y\u0131l\u0131nda ARZU \u00c7AKICI mimarl\u0131k \u015fah\u0131s \u015firketini kurdu ve bir\u00e7ok projede tasar\u0131m partnerli\u011fi yapt\u0131. 2012 y\u0131l\u0131ndan itibaren Hatay&#8217;da ARAY YAPI mimarl\u0131k \u015firketini kurdu. \u00d6nemli projelerinden baz\u0131lar\u0131; EGM Bomba Uzam\u0131 E\u011fitim Merkezi Kamp\u00fcs Projesi, Kongre Merkezi Projesi\u2019dir. Aray YAPI mimarl\u0131k firmas\u0131nda meslek hayat\u0131na devam etmekte ve Mimar olarak g\u00f6rev yapmaktad\u0131r.<\/p>\t\t\t\t\t\t\t\t<\/div>\n\t\t\t\t<\/div>\n\t\t<div class=\"elementor-element elementor-element-6d2188d e-con-full e-flex e-con e-child\" data-id=\"6d2188d\" data-element_type=\"container\" data-e-type=\"container\">\n\t\t\t\t<div class=\"elementor-element elementor-element-6e04c25 siyahbeyaz elementor-widget elementor-widget-image\" data-id=\"6e04c25\" data-element_type=\"widget\" data-e-type=\"widget\" data-widget_type=\"image.default\">\n\t\t\t\t\t\t\t\t\t\t\t\t\t\t\t<img fetchpriority=\"high\" decoding=\"async\" width=\"412\" height=\"700\" src=\"https:\/\/www.arayyapimimarlik.com\/wp-content\/uploads\/2025\/12\/c35b13c0-733a-4cc8-8b0f-c25a38161ce3.png\" class=\"attachment-large size-large wp-image-3600\" alt=\"\" srcset=\"https:\/\/www.arayyapimimarlik.com\/wp-content\/uploads\/2025\/12\/c35b13c0-733a-4cc8-8b0f-c25a38161ce3.png 412w, https:\/\/www.arayyapimimarlik.com\/wp-content\/uploads\/2025\/12\/c35b13c0-733a-4cc8-8b0f-c25a38161ce3-177x300.png 177w, https:\/\/www.arayyapimimarlik.com\/wp-content\/uploads\/2025\/12\/c35b13c0-733a-4cc8-8b0f-c25a38161ce3-301x512.png 301w\" sizes=\"(max-width: 412px) 100vw, 412px\" \/>\t\t\t\t\t\t\t\t\t\t\t\t\t\t\t<\/div>\n\t\t\t\t<\/div>\n\t\t\t\t<\/div>\n\t\t<div class=\"elementor-element elementor-element-420144a e-con-full e-flex e-con e-parent\" data-id=\"420144a\" data-element_type=\"container\" data-e-type=\"container\">\n\t\t<div class=\"elementor-element elementor-element-b443bd1 e-con-full e-flex e-con e-child\" data-id=\"b443bd1\" data-element_type=\"container\" data-e-type=\"container\">\n\t\t\t\t<div class=\"elementor-element elementor-element-1fd612e siyahbeyaz elementor-widget elementor-widget-image\" data-id=\"1fd612e\" data-element_type=\"widget\" data-e-type=\"widget\" data-widget_type=\"image.default\">\n\t\t\t\t\t\t\t\t\t\t\t\t\t\t\t<img decoding=\"async\" width=\"559\" height=\"700\" src=\"https:\/\/www.arayyapimimarlik.com\/wp-content\/uploads\/2025\/12\/3a03de8f-f796-4c5c-a188-11eecbeaca57-1.png\" class=\"attachment-medium_large size-medium_large wp-image-3604\" alt=\"\" srcset=\"https:\/\/www.arayyapimimarlik.com\/wp-content\/uploads\/2025\/12\/3a03de8f-f796-4c5c-a188-11eecbeaca57-1.png 559w, https:\/\/www.arayyapimimarlik.com\/wp-content\/uploads\/2025\/12\/3a03de8f-f796-4c5c-a188-11eecbeaca57-1-240x300.png 240w, https:\/\/www.arayyapimimarlik.com\/wp-content\/uploads\/2025\/12\/3a03de8f-f796-4c5c-a188-11eecbeaca57-1-409x512.png 409w\" sizes=\"(max-width: 559px) 100vw, 559px\" \/>\t\t\t\t\t\t\t\t\t\t\t\t\t\t\t<\/div>\n\t\t\t\t<\/div>\n\t\t<div class=\"elementor-element elementor-element-7b64b81 e-con-full e-flex e-con e-child\" data-id=\"7b64b81\" data-element_type=\"container\" data-e-type=\"container\">\n\t\t\t\t<div class=\"elementor-element elementor-element-d782bdd elementor-widget elementor-widget-text-editor\" data-id=\"d782bdd\" data-element_type=\"widget\" data-e-type=\"widget\" data-widget_type=\"text-editor.default\">\n\t\t\t\t\t\t\t\t\t<h2 style=\"font-weight: 500; margin: 0;\">KAMER BEBEK<\/h2>\n<p style=\"color:#444444; font-size:16px; line-height:1.6; margin:0;\">\n1992 y\u0131l\u0131nda HATAY&#8217;da do\u011fdu. \u0130skenderun Teknik \u00dcniversitesi M\u00fchendislik ve Do\u011fa Bilimleri Fak\u00fcltesi&#8217;nde ba\u015flad\u0131\u011f\u0131 \u0130n\u015faat M\u00fchendisli\u011fi e\u011fitimini tamamlad\u0131. Karayolu, End\u00fcstriyel Fabrika ve Konut Yap\u0131lar\u0131 in\u015faat ve tasar\u0131m alanlar\u0131nda g\u00f6rev ald\u0131ktan sonra 2012 y\u0131l\u0131nda ARZU \u00c7AKICI BEBEK ile Hatay&#8217;da ARAY YAPI mimarl\u0131k \u015firketini kurdu. Kurucusu oldu\u011fu Aray YAPI mimarl\u0131k firmas\u0131nda meslek hayat\u0131na devam etmekte ve \u0130n\u015faat M\u00fchendisi olarak g\u00f6rev yapmaktad\u0131r.\n<\/p>\n\t\t\t\t\t\t\t\t<\/div>\n\t\t\t\t<\/div>\n\t\t\t\t<\/div>\n\t\t\t\t<\/div>\n\t\t","protected":false},"excerpt":{"rendered":"<p>V\u0130ZYON Aray Yap\u0131 Mimarl\u0131k 2012 y\u0131l\u0131nda ARZU \u00c7AKICI BEBEK ve KAMER BEBEK taraf\u0131ndan kurulmu\u015ftur. B\u00fcnyesinde mimar, m\u00fchendis ve dan\u0131\u015fmanlardan olu\u015fan&#8230; <span class=\"qrt-el-more\"><a href=\"https:\/\/www.arayyapimimarlik.com\/?page_id=1953\" class=\"qrt-link qrt-color-link qrt-cursor-scale qrt-w-chevron\">Read more<\/a><\/span><\/p>\n","protected":false},"author":1,"featured_media":0,"parent":0,"menu_order":0,"comment_status":"closed","ping_status":"closed","template":"template-layout-builder.php","meta":{"_acf_changed":false,"_eb_attr":"","_monsterinsights_skip_tracking":false,"_monsterinsights_sitenote_active":false,"_monsterinsights_sitenote_note":"","_monsterinsights_sitenote_category":0,"footnotes":""},"class_list":["post-1953","page","type-page","status-publish","hentry"],"acf":[],"aioseo_notices":[],"_links":{"self":[{"href":"https:\/\/www.arayyapimimarlik.com\/index.php?rest_route=\/wp\/v2\/pages\/1953","targetHints":{"allow":["GET"]}}],"collection":[{"href":"https:\/\/www.arayyapimimarlik.com\/index.php?rest_route=\/wp\/v2\/pages"}],"about":[{"href":"https:\/\/www.arayyapimimarlik.com\/index.php?rest_route=\/wp\/v2\/types\/page"}],"author":[{"embeddable":true,"href":"https:\/\/www.arayyapimimarlik.com\/index.php?rest_route=\/wp\/v2\/users\/1"}],"replies":[{"embeddable":true,"href":"https:\/\/www.arayyapimimarlik.com\/index.php?rest_route=%2Fwp%2Fv2%2Fcomments&post=1953"}],"version-history":[{"count":331,"href":"https:\/\/www.arayyapimimarlik.com\/index.php?rest_route=\/wp\/v2\/pages\/1953\/revisions"}],"predecessor-version":[{"id":4759,"href":"https:\/\/www.arayyapimimarlik.com\/index.php?rest_route=\/wp\/v2\/pages\/1953\/revisions\/4759"}],"wp:attachment":[{"href":"https:\/\/www.arayyapimimarlik.com\/index.php?rest_route=%2Fwp%2Fv2%2Fmedia&parent=1953"}],"curies":[{"name":"wp","href":"https:\/\/api.w.org\/{rel}","templated":true}]}}